{"id":350,"date":"2014-11-20T17:43:01","date_gmt":"2014-11-20T15:43:01","guid":{"rendered":"https:\/\/mittermuellerhof.it\/winter-2\/"},"modified":"2026-03-19T17:06:36","modified_gmt":"2026-03-19T15:06:36","slug":"winter","status":"publish","type":"page","link":"https:\/\/www.mittermuellerhof.it\/en\/winter\/","title":{"rendered":"Winter"},"content":{"rendered":"<h1>Winter Holidays on the farm in Feldthurns<\/h1>\n<h2>Snowshoeing<\/h2>\n<p>Far away from the rapid ski descents and lively toboggan runs there is another, much quieter side of this wintery scenery to enjoy; snowshoeing is the magic word. Equipped with snow shoes and hiking poles get yourself on one of the many trails to an unforgettable experience in the beautiful winter of the South Tyrolean mountains. As your body gets more and more tired your mind feels more and more relaxed. Your mind is in harmony with nature and comfortable and relaxed as you wander into the winter sun. Snowshoeing is suitable for both young and old and provide a healthy mount of exercise and furthermore allows you to take in as much of the surroundings as possible.<\/p>\n<div class=\"accordion\"><div class=\"mfn-acc accordion_wrapper \"><div class=\"question\"><div class=\"title\"><i class=\"icon-plus acc-icon-plus\" aria-hidden=\"true\"><\/i><i class=\"icon-minus acc-icon-minus\" aria-hidden=\"true\"><\/i>Refuge Brugger Schupfe<\/div><div class=\"answer\">Do you want to go snowshoeing without distinct steep inclines but still in great surroundings? That is also available in our area. Go from the forest path (route 1) over sun-soaked slopes to Brugger Schupfe. Keep to the wooded path until you reach an area of mountain pastures. The view over the mountains of the Geisler range as well as the dolomites will inspire you. The way back is over 14B past Brugger Schupfe and then further onto the 14 back to the K\u00fchhof car park.<\/div><\/div>\n<\/p>\n<p><div class=\"question\"><div class=\"title\"><i class=\"icon-plus acc-icon-plus\" aria-hidden=\"true\"><\/i><i class=\"icon-minus acc-icon-minus\" aria-hidden=\"true\"><\/i>Mountain K\u00f6nigsanger<\/div><div class=\"answer\">Whoever isn\u2019t wary of a medium difficulty 4 hour walk should carefully consider the route from K\u00fchhof to K\u00f6nigsanger. Above Latzfons, from the starting point of K\u00fchhof and then you\u2019re off. First, follow the forest path until you hit a steeper forest road to Wetterkreuz. You\u2019ll reach the alpine meadows within 45 minutes. Over steep areas and largely unmarked routes, head in a mostly north easterly direction to the destination of K\u00f6nigsanger Mountain at 2436m. The hike\/ski tour is also possible from Garn (1411m).<\/div><\/div>\n<\/div><\/div>\n\n<p>&nbsp;<\/p>\n\n\t\t\t<style type='text\/css'>\n\t\t\t\t#sc_gallery-1 {\n\t\t\t\t\tmargin: auto;\n\t\t\t\t}\n\t\t\t\t#sc_gallery-1 .gallery-item {\n\t\t\t\t\tfloat: left;\n\t\t\t\t\ttext-align: center;\n\t\t\t\t\twidth: 24.99%;\n\t\t\t\t}\n\t\t\t\t#sc_gallery-1 img {\n\t\t\t\t\tborder: 2px solid #cfcfcf;\n\t\t\t\t}\n\t\t\t\t\/* see sc_gallery() in functions\/theme-shortcodes.php *\/\n\t\t\t<\/style>\n\t\t<div id='sc_gallery-1' class='gallery galleryid-350 gallery-columns-4 gallery-size-thumbnail file element_classes gallery-default'><dl class='gallery-item'  data-title='schneeschuhwandern1' data-description=''><div class='gallery-item-wrapper'>\n\t\t\t\t<dt class='gallery-icon landscape'>\n\t\t\t\t\t<a href='https:\/\/www.mittermuellerhof.it\/wp-content\/uploads\/schneeschuhwandern1.jpg'><img loading=\"lazy\" decoding=\"async\" width=\"150\" height=\"150\" src=\"https:\/\/www.mittermuellerhof.it\/wp-content\/uploads\/schneeschuhwandern1-150x150.jpg\" class=\"attachment-thumbnail size-thumbnail\" alt=\"\" srcset=\"https:\/\/www.mittermuellerhof.it\/wp-content\/uploads\/schneeschuhwandern1-150x150.jpg 150w, https:\/\/www.mittermuellerhof.it\/wp-content\/uploads\/schneeschuhwandern1-80x80.jpg 80w, https:\/\/www.mittermuellerhof.it\/wp-content\/uploads\/schneeschuhwandern1-85x85.jpg 85w\" sizes=\"auto, (max-width:767px) 150px, 150px\" \/><\/a>\n\t\t\t\t<\/dt><\/div><\/dl><dl class='gallery-item'  data-title='schneeschuhwandern2' data-description=''><div class='gallery-item-wrapper'>\n\t\t\t\t<dt class='gallery-icon landscape'>\n\t\t\t\t\t<a href='https:\/\/www.mittermuellerhof.it\/wp-content\/uploads\/schneeschuhwandern2.jpg'><img loading=\"lazy\" decoding=\"async\" width=\"150\" height=\"150\" src=\"https:\/\/www.mittermuellerhof.it\/wp-content\/uploads\/schneeschuhwandern2-150x150.jpg\" class=\"attachment-thumbnail size-thumbnail\" alt=\"\" srcset=\"https:\/\/www.mittermuellerhof.it\/wp-content\/uploads\/schneeschuhwandern2-150x150.jpg 150w, https:\/\/www.mittermuellerhof.it\/wp-content\/uploads\/schneeschuhwandern2-80x80.jpg 80w, https:\/\/www.mittermuellerhof.it\/wp-content\/uploads\/schneeschuhwandern2-85x85.jpg 85w\" sizes=\"auto, (max-width:767px) 150px, 150px\" \/><\/a>\n\t\t\t\t<\/dt><\/div><\/dl><dl class='gallery-item'  data-title='schneeschuhwandern3' data-description=''><div class='gallery-item-wrapper'>\n\t\t\t\t<dt class='gallery-icon landscape'>\n\t\t\t\t\t<a href='https:\/\/www.mittermuellerhof.it\/wp-content\/uploads\/schneeschuhwandern3.jpg'><img loading=\"lazy\" decoding=\"async\" width=\"150\" height=\"150\" src=\"https:\/\/www.mittermuellerhof.it\/wp-content\/uploads\/schneeschuhwandern3-150x150.jpg\" class=\"attachment-thumbnail size-thumbnail\" alt=\"\" srcset=\"https:\/\/www.mittermuellerhof.it\/wp-content\/uploads\/schneeschuhwandern3-150x150.jpg 150w, https:\/\/www.mittermuellerhof.it\/wp-content\/uploads\/schneeschuhwandern3-80x80.jpg 80w, https:\/\/www.mittermuellerhof.it\/wp-content\/uploads\/schneeschuhwandern3-85x85.jpg 85w\" sizes=\"auto, (max-width:767px) 150px, 150px\" \/><\/a>\n\t\t\t\t<\/dt><\/div><\/dl><dl class='gallery-item'  data-title='schneeschuhwandern4' data-description=''><div class='gallery-item-wrapper'>\n\t\t\t\t<dt class='gallery-icon landscape'>\n\t\t\t\t\t<a href='https:\/\/www.mittermuellerhof.it\/wp-content\/uploads\/schneeschuhwandern4.jpg'><img loading=\"lazy\" decoding=\"async\" width=\"150\" height=\"150\" src=\"https:\/\/www.mittermuellerhof.it\/wp-content\/uploads\/schneeschuhwandern4-150x150.jpg\" class=\"attachment-thumbnail size-thumbnail\" alt=\"\" srcset=\"https:\/\/www.mittermuellerhof.it\/wp-content\/uploads\/schneeschuhwandern4-150x150.jpg 150w, https:\/\/www.mittermuellerhof.it\/wp-content\/uploads\/schneeschuhwandern4-80x80.jpg 80w, https:\/\/www.mittermuellerhof.it\/wp-content\/uploads\/schneeschuhwandern4-85x85.jpg 85w\" sizes=\"auto, (max-width:767px) 150px, 150px\" \/><\/a>\n\t\t\t\t<\/dt><\/div><\/dl><br style=\"clear: both\" \/>\n\t\t\t<\/div>\n\n<h2><\/h2>\n<h2>Tobogganing<\/h2>\n<p>While the Feldthurn and Latzfons alpine meadows attract visitors with their colourful flowers, they\u2019re also impressive in winter with beautiful snowy scenery. A particular highlight of this region is the selection of toboggan runs which don\u2019t just set children\u2019s hearts racing. Treat yourself and your family to this great winter fun adding tobogganing in through the snow into the equation.<\/p>\n<div class=\"accordion\"><div class=\"mfn-acc accordion_wrapper \"><div class=\"question\"><div class=\"title\"><i class=\"icon-plus acc-icon-plus\" aria-hidden=\"true\"><\/i><i class=\"icon-minus acc-icon-minus\" aria-hidden=\"true\"><\/i>Refuge Brugger Schupfe<\/div><div class=\"answer\">Have you and your fellow travellers brought a lust for tobogganing with you? Then make your way to the Brugger Schupfe toboggan run (4.2km). This takes you to Garner Wetterkreuz. From there it is 1 hour 45 minutes along the forest path. Ascend to Brugger Schupfe. You will be well rewarded for your efforts as the fast descent is fun for both young and old. If conditions allow you can toboggan from Brugger Schupfe to Schnauders, Please take in to account that from there it is about an hour\u2019s walk to the car park at Garn.<\/div><\/div>\n<\/p>\n<p><div class=\"question\"><div class=\"title\"><i class=\"icon-plus acc-icon-plus\" aria-hidden=\"true\"><\/i><i class=\"icon-minus acc-icon-minus\" aria-hidden=\"true\"><\/i>Kaseregg toboggan run (Latzfons)<\/div><div class=\"answer\">The toboggan run at Kaseregg is a typically family one. From \u00d6berst farm it is about 1 hour\u2019s climb. Enjoy this easy to challenging run with your children. Who will be the first to the bottom?<\/div><\/div>\n<\/p>\n<p><div class=\"question\"><div class=\"title\"><i class=\"icon-plus acc-icon-plus\" aria-hidden=\"true\"><\/i><i class=\"icon-minus acc-icon-minus\" aria-hidden=\"true\"><\/i>Lahnwiesen Natural toboggan run<\/div><div class=\"answer\"> This toboggan run promises you a high speed (tobogganing) experience. The Lahnwiesen natural toboggan run runs to the Latzfonser alpine meadow and takes about an hour to reach on foot from Steinebem. At 1.8km you and your companions travel at your own risk.<\/div><\/div>\n<\/div><\/div>\n\n<h2><\/h2>\n<h2>Ski tours<\/h2>\n<div class=\"accordion\"><div class=\"mfn-acc accordion_wrapper \"><div class=\"question\"><div class=\"title\"><i class=\"icon-plus acc-icon-plus\" aria-hidden=\"true\"><\/i><i class=\"icon-minus acc-icon-minus\" aria-hidden=\"true\"><\/i>Mountain Lorenzen<\/div><div class=\"answer\">Starting from Steineben at 1549m this medium difficulty tour of 4.5km takes you up an ascent of 934m to your final destination of Lorenzispiste (2483m). In the Steineben snack bar you can (from Friday to Sunday) you can give yourself a well-earned rest and look out over the glittering winter scenery.<\/div><\/div>\n<\/p>\n<p><div class=\"question\"><div class=\"title\"><i class=\"icon-plus acc-icon-plus\" aria-hidden=\"true\"><\/i><i class=\"icon-minus acc-icon-minus\" aria-hidden=\"true\"><\/i>Mountain Kassian<\/div><div class=\"answer\">Your tour to Kassianspitze at 2581m starts from Steineben (1549m) Altogether this difficult route is about 6km and requires you to be in good condition. Between Friday and Sunday you can have a short rest at snack bar at Steineben.<\/div><\/div>\n<\/p>\n<p><div class=\"question\"><div class=\"title\"><i class=\"icon-plus acc-icon-plus\" aria-hidden=\"true\"><\/i><i class=\"icon-minus acc-icon-minus\" aria-hidden=\"true\"><\/i>Mountain Plankenhorn<\/div><div class=\"answer\">This medium difficulty tour starts in Steineben at 1549m and takes you on an ascent of 993m to your destination of Plankenhorn at 2543m. If you\u2019re travelling on Friday, Saturday or Sunday stop off at the snack bar at Steinebem to refuel your energy.<\/div><\/div>\n<\/p>\n<p><div class=\"question\"><div class=\"title\"><i class=\"icon-plus acc-icon-plus\" aria-hidden=\"true\"><\/i><i class=\"icon-minus acc-icon-minus\" aria-hidden=\"true\"><\/i>Refuge Brugger Schupfe<\/div><div class=\"answer\"> A pleasant ski tour without any pronounced steep sections which leads to Bruggeschupfe. Sun-drenched slopes and a breath-taking view over the white alpine meadows are waiting for you here. Enjoy the panoramic view over the mountains of the Geisler range as well as the dolomites.<\/div><\/div>\n<\/div><\/div>\n\n<h2><\/h2>\n<h2>Skiing<\/h2>\n<p>Both beginners and experienced skiers come to the South Tyrolean Mountains at their own expense. One factor which attracts visitors is the well looked after ski runs and another is the amazing, glistening wintery views over the whole of the area. During your \u201ctrip on the boards\u201d you will certainly think back a long way\u2026 Do you hear the ice crystals crunching under your skis? Do you feel the wind blowing against your face? <strong>Welcome to the skiers paradise of South Tyrol.<\/strong><\/p>\n<div class=\"accordion\"><div class=\"mfn-acc accordion_wrapper \"><div class=\"question\"><div class=\"title\"><i class=\"icon-plus acc-icon-plus\" aria-hidden=\"true\"><\/i><i class=\"icon-minus acc-icon-minus\" aria-hidden=\"true\"><\/i>Maders ski lift in Schnauders<\/div><div class=\"answer\">The Maders chairlift dates back to 1979 and spans over 395m in length. About 720 skiers use the lift per hour to get up onto the piste. It is also conveniently located right outside our front door.<\/div><\/div>\n<\/p>\n<p><div class=\"accordion\"><div class=\"mfn-acc accordion_wrapper \"><\/div><\/div>\n<div class=\"question\"><div class=\"title\"><i class=\"icon-plus acc-icon-plus\" aria-hidden=\"true\"><\/i><i class=\"icon-minus acc-icon-minus\" aria-hidden=\"true\"><\/i>Plose ski lift<\/div><div class=\"answer\">Feldthurns is only 25 minutes by car from the skiing area of Brixen and Plose. Here, there are 9 ski lifts and a ski run length of 10.5km at your disposal.<\/div><\/div>\n<\/p>\n<p><div class=\"accordion\"><div class=\"mfn-acc accordion_wrapper \"><\/div><\/div>\n<div class=\"question\"><div class=\"title\"><i class=\"icon-plus acc-icon-plus\" aria-hidden=\"true\"><\/i><i class=\"icon-minus acc-icon-minus\" aria-hidden=\"true\"><\/i>Dolomites Ski Safari<\/div><div class=\"answer\">From the 26<sup>th<\/sup> of December to the 28<sup>th<\/sup> of March there is a daily bus from Monday to Saturday to another skiing area. Leave your car and make use of the one-off \u201cskiing safari\u201d which is available. The bus takes you directly from ours to Plose, Gr\u00f6den, Seiser alpine meadow and Sellaronda! You can find more information <a href=\"http:\/\/www.klausen.it\/en\/a-multi-facetted-region\/winter\/dolomites-ski-safari.html\" target=\"_blank\" rel=\"noopener\">here<\/a>.<\/div><\/div>\n<\/div><\/div>\n\n","protected":false},"excerpt":{"rendered":"<p>Winter Holidays on the farm in Feldthurns Snowshoeing Far away from the rapid ski descents and lively toboggan runs there is another, much quieter side of<span class=\"excerpt-hellip\"> [\u2026]<\/span><\/p>\n","protected":false},"author":1,"featured_media":0,"parent":0,"menu_order":0,"comment_status":"open","ping_status":"open","template":"","meta":{"_acf_changed":false,"_monsterinsights_skip_tracking":false,"_monsterinsights_sitenote_active":false,"_monsterinsights_sitenote_note":"","_monsterinsights_sitenote_category":0,"footnotes":""},"class_list":["post-350","page","type-page","status-publish","hentry"],"acf":[],"_links":{"self":[{"href":"https:\/\/www.mittermuellerhof.it\/en\/wp-json\/wp\/v2\/pages\/350","targetHints":{"allow":["GET"]}}],"collection":[{"href":"https:\/\/www.mittermuellerhof.it\/en\/wp-json\/wp\/v2\/pages"}],"about":[{"href":"https:\/\/www.mittermuellerhof.it\/en\/wp-json\/wp\/v2\/types\/page"}],"author":[{"embeddable":true,"href":"https:\/\/www.mittermuellerhof.it\/en\/wp-json\/wp\/v2\/users\/1"}],"replies":[{"embeddable":true,"href":"https:\/\/www.mittermuellerhof.it\/en\/wp-json\/wp\/v2\/comments?post=350"}],"version-history":[{"count":3,"href":"https:\/\/www.mittermuellerhof.it\/en\/wp-json\/wp\/v2\/pages\/350\/revisions"}],"predecessor-version":[{"id":1984,"href":"https:\/\/www.mittermuellerhof.it\/en\/wp-json\/wp\/v2\/pages\/350\/revisions\/1984"}],"wp:attachment":[{"href":"https:\/\/www.mittermuellerhof.it\/en\/wp-json\/wp\/v2\/media?parent=350"}],"curies":[{"name":"wp","href":"https:\/\/api.w.org\/{rel}","templated":true}]}}