{"id":333,"date":"2014-11-20T17:41:57","date_gmt":"2014-11-20T15:41:57","guid":{"rendered":"https:\/\/mittermuellerhof.it\/herbst-2\/"},"modified":"2026-03-19T17:10:55","modified_gmt":"2026-03-19T15:10:55","slug":"autunno","status":"publish","type":"page","link":"https:\/\/www.mittermuellerhof.it\/it\/autunno\/","title":{"rendered":"Autunno"},"content":{"rendered":"<h1>T\u00f6rggele a Velturno \u2013 Alloggi in casa vacanze<\/h1>\n<p>Il T\u00f6rggelen \u00e8 da secoli una tradizione regionale dell&#8217;Alto Adige, e ancora oggi gode di grande popolarit\u00e0 presso gente del luogo e visitatori. Il significato di T\u00f6rggelen \u00e8 dovuto al termine \u201cTorggl\u201d che all&#8217;epoca indicava la sala in cui era collocata la pressa del vino. In sostanza si tratta di gustare del buon vino in compagnia, a cui si aggiungono le molte gustose specialit\u00e0 regionali come canederli, crauti e taglieri di affettati. Castagne arrosto e dolci krapfen completano la degustazione e si lasciano conservare in memoria per lungo tempo da tutti gli ospiti di questa entusiasmante esperienza.<\/p>\n<h2>Escursioni<\/h2>\n<p>Il Keschtnweg \u00e8 il Sentiero delle castagne di Velturno: una classica strada escursionistica che risale il pendio fino al Monastero di Sabiona. A 856 metri di quota, Velturno \u00e8 il punto di partenza di questo percorso. Da qui, attraverso Pardell e Sabiona e fino a Chiusa, la differenza di quota \u00e8 di 331 metri. L&#8217;escursione si protrae per 5 chilometri, richiede circa 2 ore ed \u00e8 segnalata come \u201cfacile\u201d.<\/p>\n<p>Un&#8217;altra splendida escursione \u00e8 quella che sul Sentiero delle castagne porta da Velturno all&#8217;incantevole Bressanone. Si supera il Castello di Velturno e si arriva all&#8217;Ansitz Ziernfeld e poi all\u2019 Albergo W\u00f6hrmaurer. Altre tappe di questo percorso sono Gioviniano, Tecelinga, Pinzago, Chiesetta S. Cyrill, Bressanone. Per completare questo percorso medio-dififcile fino a Bressanone vi ci vorranno circa due ore e mezza. Il ritorno fino a Velturno pu\u00f2 essere completato anche con gli autobus urbani.<\/p>\n<h2>T\u00f6rggelen a Velturno<\/h2>\n<p>Venite a gustare il \u201cSia\u00dfn\u201d e il \u201cNuien\u201d (il dolce e il nuovo), cio\u00e8 il mosto d&#8217;uva e il vino novello. Vino e \u201cKeschtn\u201d (castagne): su questi due prelibati prodotti si basa l&#8217;antica tradizione del T\u00f6rggelen, che avrebbe avuto origine proprio qui nella Valle Isarco. Gente del luogo e visitatori apprezzano moltissimo questa esperienza gioiosa a cui si accompagnano naturalmente molti piatti gustosi preparati con i prodotti regionali. Nella pratica del T\u00f6rggelen non rientra solo la sosta in una delle tante T\u00f6rggele-Stuben (locali tipici per il T\u00f6rggelen) a Velturno e dintorni, anche il rivivere le storie e la cultura del territorio \u00e8 una parte fondamentale di questa esperienza. Gli altoatesini sanno bene come addolcire l&#8217;autunno per s\u00e9 e per i propri ospiti e la strabiliante cornice naturale della regione \u00e8 il tocco finale di questo quadro idilliaco.<\/p>\n<p>&nbsp;<\/p>\n","protected":false},"excerpt":{"rendered":"<p>T\u00f6rggele a Velturno \u2013 Alloggi in casa vacanze Il T\u00f6rggelen \u00e8 da secoli una tradizione regionale dell&#8217;Alto Adige, e ancora oggi gode di grande popolarit\u00e0 presso<span class=\"excerpt-hellip\"> [\u2026]<\/span><\/p>\n","protected":false},"author":1,"featured_media":0,"parent":0,"menu_order":0,"comment_status":"open","ping_status":"open","template":"","meta":{"_acf_changed":false,"_monsterinsights_skip_tracking":false,"_monsterinsights_sitenote_active":false,"_monsterinsights_sitenote_note":"","_monsterinsights_sitenote_category":0,"footnotes":""},"class_list":["post-333","page","type-page","status-publish","hentry"],"acf":[],"_links":{"self":[{"href":"https:\/\/www.mittermuellerhof.it\/it\/wp-json\/wp\/v2\/pages\/333","targetHints":{"allow":["GET"]}}],"collection":[{"href":"https:\/\/www.mittermuellerhof.it\/it\/wp-json\/wp\/v2\/pages"}],"about":[{"href":"https:\/\/www.mittermuellerhof.it\/it\/wp-json\/wp\/v2\/types\/page"}],"author":[{"embeddable":true,"href":"https:\/\/www.mittermuellerhof.it\/it\/wp-json\/wp\/v2\/users\/1"}],"replies":[{"embeddable":true,"href":"https:\/\/www.mittermuellerhof.it\/it\/wp-json\/wp\/v2\/comments?post=333"}],"version-history":[{"count":2,"href":"https:\/\/www.mittermuellerhof.it\/it\/wp-json\/wp\/v2\/pages\/333\/revisions"}],"predecessor-version":[{"id":398,"href":"https:\/\/www.mittermuellerhof.it\/it\/wp-json\/wp\/v2\/pages\/333\/revisions\/398"}],"wp:attachment":[{"href":"https:\/\/www.mittermuellerhof.it\/it\/wp-json\/wp\/v2\/media?parent=333"}],"curies":[{"name":"wp","href":"https:\/\/api.w.org\/{rel}","templated":true}]}}