{"id":337,"date":"2014-11-17T13:50:55","date_gmt":"2014-11-17T11:50:55","guid":{"rendered":"https:\/\/mittermuellerhof.it\/beispiel-seite-2\/"},"modified":"2026-04-09T16:31:26","modified_gmt":"2026-04-09T14:31:26","slug":"beispiel-seite","status":"publish","type":"page","link":"https:\/\/www.mittermuellerhof.it\/it\/","title":{"rendered":"Home"},"content":{"rendered":"<h1>Vacanze in agriturismo a Velturno Alto Adige<\/h1>\n<p>Le vacanze in agriturismo nella Valle Isarco offrono il meritato riposo per tutta la famiglia arricchito da tante emozionanti scoperte. Da noi a Velturno il tempo libero viene esplorato da nuove prospettive&#8230; tutte da amare! La meravigliosa cornice naturale \u00e8 un invito per le attivit\u00e0 all&#8217;aria aperta, ma anche per momenti di piacevole relax.<\/p>\n<p>Che cosa rende una vacanza in agriturismo a Velturno speciale e indimenticabile? Innanzitutto le tante occasioni di gioco e divertimento per i nostri piccoli ospiti: qui potranno scatenarsi sui prati o nel nostro parco giochi fornito di trampolino e calcio balilla. I nostri animali \u2013 tra cui mucche, vitelli, gatti e galline \u2013 lasceranno senza parole i vostri bambini e li stimoleranno a scoprire la natura e la vita rurale in fattoria. Gli adulti invece troveranno relax e divertimento con le gite nel verde, passeggiando tra paesaggi incantevoli capaci di rigenerare corpo e spirito.<\/p>\n<p>Una vacanze in agriturismo in Alto Adige sapr\u00e0 liberare dallo stress di tutti i giorni voi e tutta la vostra famiglia. L&#8217;aria fresca della campagna e gli incredibili paesaggi naturali dei dintorni vi faranno fare il pieno di energie e vi permetteranno di apprezzare tanti meravigliosi momenti nel cuore di un ambiente idilliaco ricco di pace e di tranquillit\u00e0.<\/p>\n<p><img loading=\"lazy\" decoding=\"async\" class=\"alignnone wp-image-112 size-full\" src=\"https:\/\/www.mittermuellerhof.it\/wp-content\/uploads\/Haus1.jpg\" alt=\"Vacanze in agriturismo Velturno\" width=\"1000\" height=\"488\" srcset=\"https:\/\/www.mittermuellerhof.it\/wp-content\/uploads\/Haus1.jpg 1000w, https:\/\/www.mittermuellerhof.it\/wp-content\/uploads\/Haus1-300x146.jpg 300w, https:\/\/www.mittermuellerhof.it\/wp-content\/uploads\/Haus1-260x126.jpg 260w, https:\/\/www.mittermuellerhof.it\/wp-content\/uploads\/Haus1-50x24.jpg 50w, https:\/\/www.mittermuellerhof.it\/wp-content\/uploads\/Haus1-576x281.jpg 576w, https:\/\/www.mittermuellerhof.it\/wp-content\/uploads\/Haus1-150x73.jpg 150w\" sizes=\"auto, (max-width:767px) 480px, (max-width:1000px) 100vw, 1000px\" \/><\/p>\n<p>In questi tempi dominati da intrattenimenti elettronici e televisione, a cui si aggiungono stress scolastico e lavorativo, una vacanza in agriturismo a Velturno \u00e8 proprio quello che ci vuole per far divertire e rilassare anche i bambini. Anche i nostri ospiti confermano sempre volentieri che la combinazione di occasioni di relax e attivit\u00e0 alla scoperta del territorio \u00e8 perfetta per tutte le esigenze. Anche d&#8217;inverno c&#8217;\u00e8 molto da fare e da vedere. Grandi e piccoli visitatori possono dedicarsi in questo periodo dell&#8217;anno a gradevoli passeggiate tra paesaggi variegati o buttarsi con gli sci su una delle tante piste a noi vicine, possono partecipare a lunghe camminate sulla neve o scendere dalle cime con lo slittino.<\/p>\n<p>La nostra fattoria offre diverse soluzioni di alloggio per tutta la famiglia a partire da 43,00 euro per due persone. E con noi i bambini fino a 5 anni alloggiano gratis!<\/p>\n<h2><img loading=\"lazy\" decoding=\"async\" class=\"wp-image-115 size-medium alignright\" src=\"https:\/\/www.mittermuellerhof.it\/wp-content\/uploads\/kinderurlaub-feldthurns-300x200.jpg\" alt=\"kinderurlaub-feldthurns\" width=\"300\" height=\"200\" srcset=\"https:\/\/www.mittermuellerhof.it\/wp-content\/uploads\/kinderurlaub-feldthurns-300x200.jpg 300w, https:\/\/www.mittermuellerhof.it\/wp-content\/uploads\/kinderurlaub-feldthurns-218x146.jpg 218w, https:\/\/www.mittermuellerhof.it\/wp-content\/uploads\/kinderurlaub-feldthurns-50x33.jpg 50w, https:\/\/www.mittermuellerhof.it\/wp-content\/uploads\/kinderurlaub-feldthurns-576x384.jpg 576w, https:\/\/www.mittermuellerhof.it\/wp-content\/uploads\/kinderurlaub-feldthurns-112x75.jpg 112w, https:\/\/www.mittermuellerhof.it\/wp-content\/uploads\/kinderurlaub-feldthurns.jpg 1000w\" sizes=\"auto, (max-width:767px) 300px, 300px\" \/>Gli animali che vivono con noi al maso:<\/h2>\n<ul>\n<li>Bovini<\/li>\n<li>Gatti<\/li>\n<li>Galline<\/li>\n<li>Anatre<\/li>\n<li>Cavie<\/li>\n<\/ul>\n<p>&nbsp;<\/p>\n","protected":false},"excerpt":{"rendered":"<p>Vacanze in agriturismo a Velturno Alto Adige Le vacanze in agriturismo nella Valle Isarco offrono il meritato riposo per tutta la famiglia arricchito da tante emozionanti<span class=\"excerpt-hellip\"> [\u2026]<\/span><\/p>\n","protected":false},"author":1,"featured_media":0,"parent":0,"menu_order":0,"comment_status":"open","ping_status":"open","template":"","meta":{"_acf_changed":false,"_monsterinsights_skip_tracking":false,"_monsterinsights_sitenote_active":false,"_monsterinsights_sitenote_note":"","_monsterinsights_sitenote_category":0,"footnotes":""},"class_list":["post-337","page","type-page","status-publish","hentry"],"acf":[],"_links":{"self":[{"href":"https:\/\/www.mittermuellerhof.it\/it\/wp-json\/wp\/v2\/pages\/337","targetHints":{"allow":["GET"]}}],"collection":[{"href":"https:\/\/www.mittermuellerhof.it\/it\/wp-json\/wp\/v2\/pages"}],"about":[{"href":"https:\/\/www.mittermuellerhof.it\/it\/wp-json\/wp\/v2\/types\/page"}],"author":[{"embeddable":true,"href":"https:\/\/www.mittermuellerhof.it\/it\/wp-json\/wp\/v2\/users\/1"}],"replies":[{"embeddable":true,"href":"https:\/\/www.mittermuellerhof.it\/it\/wp-json\/wp\/v2\/comments?post=337"}],"version-history":[{"count":4,"href":"https:\/\/www.mittermuellerhof.it\/it\/wp-json\/wp\/v2\/pages\/337\/revisions"}],"predecessor-version":[{"id":1941,"href":"https:\/\/www.mittermuellerhof.it\/it\/wp-json\/wp\/v2\/pages\/337\/revisions\/1941"}],"wp:attachment":[{"href":"https:\/\/www.mittermuellerhof.it\/it\/wp-json\/wp\/v2\/media?parent=337"}],"curies":[{"name":"wp","href":"https:\/\/api.w.org\/{rel}","templated":true}]}}