{"id":347,"date":"2014-11-20T17:38:18","date_gmt":"2014-11-20T15:38:18","guid":{"rendered":"https:\/\/mittermuellerhof.it\/umgebung-2\/"},"modified":"2026-03-19T17:09:11","modified_gmt":"2026-03-19T15:09:11","slug":"dintorni","status":"publish","type":"page","link":"https:\/\/www.mittermuellerhof.it\/it\/dintorni\/","title":{"rendered":"Dintorni"},"content":{"rendered":"<h1>Vacanze in agriturismo a Velturno<\/h1>\n<p>Velturno e i suoi 2800 abitanti si trova circondata da fattorie e dai caratteristici castagneti ed \u00e8 pronta a dare un caloroso benvenuto a tutti i visitatori. Questo sorprendente paese non offre soltanto la possibilit\u00e0 di fare gite nella splendida natura che lo circonda, ma propone ai suoi ospiti alcuni incontri di grande valore culturale, come ad esempio le chiese, il castello rinascimentale di Velturno e l&#8217;esposizione dei reperti archeologici della regione. Inoltre i visitatori hanno l&#8217;occasione di gustare le specialit\u00e0 regionali in una delle tipiche locali T\u00f6rggele, accompagnandole con un buon bicchiere di vino della Valle Isarco. Alla salute!<\/p>\n<p><img loading=\"lazy\" decoding=\"async\" class=\"alignnone size-full wp-image-138\" src=\"https:\/\/www.mittermuellerhof.it\/wp-content\/uploads\/herbst.jpg\" alt=\"Herbsturlaub in Feldthurns\" width=\"1000\" height=\"500\" srcset=\"https:\/\/www.mittermuellerhof.it\/wp-content\/uploads\/herbst.jpg 1000w, https:\/\/www.mittermuellerhof.it\/wp-content\/uploads\/herbst-300x150.jpg 300w, https:\/\/www.mittermuellerhof.it\/wp-content\/uploads\/herbst-260x130.jpg 260w, https:\/\/www.mittermuellerhof.it\/wp-content\/uploads\/herbst-50x25.jpg 50w, https:\/\/www.mittermuellerhof.it\/wp-content\/uploads\/herbst-576x288.jpg 576w, https:\/\/www.mittermuellerhof.it\/wp-content\/uploads\/herbst-150x75.jpg 150w\" sizes=\"auto, (max-width:767px) 480px, (max-width:1000px) 100vw, 1000px\" \/><\/p>\n<p>Anche d&#8217;inverno Velturno \u00e8 una destinazione ideale per tutte le attivit\u00e0 all&#8217;aria aperta, come gite sulle racchette da neve, slittino, sci, escursioni&#8230; Velturno merita una visita in ogni stagione dell&#8217;anno, e ad aver scoperto la bellezza di questa localit\u00e0 sono gi\u00e0 in tanti. Altrettanto degno di raccomandazione \u00e8 il giro dei mercatini di Natale di Bressanone, Chiusa, Vipiteno, Brunico e Bolzano.<\/p>\n","protected":false},"excerpt":{"rendered":"<p>Vacanze in agriturismo a Velturno Velturno e i suoi 2800 abitanti si trova circondata da fattorie e dai caratteristici castagneti ed \u00e8 pronta a dare un<span class=\"excerpt-hellip\"> [\u2026]<\/span><\/p>\n","protected":false},"author":1,"featured_media":0,"parent":0,"menu_order":0,"comment_status":"open","ping_status":"open","template":"","meta":{"_acf_changed":false,"_monsterinsights_skip_tracking":false,"_monsterinsights_sitenote_active":false,"_monsterinsights_sitenote_note":"","_monsterinsights_sitenote_category":0,"footnotes":""},"class_list":["post-347","page","type-page","status-publish","hentry"],"acf":[],"_links":{"self":[{"href":"https:\/\/www.mittermuellerhof.it\/it\/wp-json\/wp\/v2\/pages\/347","targetHints":{"allow":["GET"]}}],"collection":[{"href":"https:\/\/www.mittermuellerhof.it\/it\/wp-json\/wp\/v2\/pages"}],"about":[{"href":"https:\/\/www.mittermuellerhof.it\/it\/wp-json\/wp\/v2\/types\/page"}],"author":[{"embeddable":true,"href":"https:\/\/www.mittermuellerhof.it\/it\/wp-json\/wp\/v2\/users\/1"}],"replies":[{"embeddable":true,"href":"https:\/\/www.mittermuellerhof.it\/it\/wp-json\/wp\/v2\/comments?post=347"}],"version-history":[{"count":3,"href":"https:\/\/www.mittermuellerhof.it\/it\/wp-json\/wp\/v2\/pages\/347\/revisions"}],"predecessor-version":[{"id":1775,"href":"https:\/\/www.mittermuellerhof.it\/it\/wp-json\/wp\/v2\/pages\/347\/revisions\/1775"}],"wp:attachment":[{"href":"https:\/\/www.mittermuellerhof.it\/it\/wp-json\/wp\/v2\/media?parent=347"}],"curies":[{"name":"wp","href":"https:\/\/api.w.org\/{rel}","templated":true}]}}