{"id":349,"date":"2014-11-20T17:31:45","date_gmt":"2014-11-20T15:31:45","guid":{"rendered":"https:\/\/mittermuellerhof.it\/unser-hof-2\/"},"modified":"2026-04-09T16:41:38","modified_gmt":"2026-04-09T14:41:38","slug":"fattoria","status":"publish","type":"page","link":"https:\/\/www.mittermuellerhof.it\/it\/fattoria\/","title":{"rendered":"La nostra fattoria"},"content":{"rendered":"<h1>Vacanze in agriturismo in Valle Isarco &#8211; Snodres<\/h1>\n<h2>La nostra fattoria, Mitterm\u00fcllerhof<\/h2>\n<p>La nostra azienda agricola \u00e8 situata nella bella Snodres, a circa 1000 metri sul livello del mare, nella Valle Isarco. Saremo lieti di fornirvi tutte le indicazioni utili per apprezzare al meglio e con tutta la famiglia il nostro territorio e le nostre foreste. E l&#8217;incredibile vista sulla Malga Geisler non manca mai di stupire i nostri ospiti.<\/p>\n<p>La nostra fattoria \u00e8 gestita con passione da Walter e Margareth. La nostra piccola Melanie d\u00e0 volentieri una mano ogni volta che pu\u00f2. Inoltre possiamo contare sull&#8217;aiuto esperto di nonna Maria e nonno Josef. Insieme manteniamo la fattoria di famiglia al massimo splendore.<\/p>\n<p><div class=\"column one-second mobile-one\"><div class=\"mcb-column-inner\"><br \/>\n<iframe loading=\"lazy\" style=\"border: 0;\" src=\"https:\/\/www.google.com\/maps\/embed?pb=!4v1545136400261!6m8!1m7!1sCAoSLEFGMVFpcE1tNXFLMjhUU1pCa0h5dHl2a28tbDN6TTRWYlpqMmZzSUpueUNl!2m2!1d46.679913611874!2d11.59558295726!3f325.70664879982735!4f3.208383006265464!5f0.7820865974627469\" width=\"100%\" height=\"400\" frameborder=\"0\" allowfullscreen=\"allowfullscreen\"><\/iframe><br \/>\n<\/div><\/div>\n<div class=\"column one-second mobile-one\"><div class=\"mcb-column-inner\"><br \/>\n<iframe loading=\"lazy\" style=\"border: 0;\" src=\"https:\/\/www.google.com\/maps\/embed?pb=!4v1545136628821!6m8!1m7!1sCAoSLEFGMVFpcE9aZkh5bHJGR1o4V2NYdjRtdVVSS2taa3pGZlhCRWtKM1lCSHo2!2m2!1d46.6799574!2d11.5955851!3f181.5!4f2.933869999999999!5f0.7820865974627469\" width=\"100%\" height=\"400\" frameborder=\"0\" allowfullscreen=\"allowfullscreen\"><\/iframe><br \/>\n<\/div><\/div>\n<\/p>\n<h2><strong>Distanze dalle attrazioni della zona: <\/strong><\/h2>\n<ul>\n<li>Aree sciistiche: Plose 17 km, Val Gardena: 26 km<\/li>\n<li>Pista da sci (uno ski lift): 50 m<\/li>\n<li>Laghi balneabili: lago balneabile naturale di Luson: 23 km, lago di Caldaro: 57 km<\/li>\n<li>Piscina all\u2019aperto: 3 km<\/li>\n<li>Acquarena di Bressanone, con piscine coperte e all\u2019aperto: 11 km<\/li>\n<li>Sentieri escursionistici: si parte direttamente dal maso<\/li>\n<li>Fermata del bus e dello ski bus: 50 m<\/li>\n<li>Stazione ferroviaria: 10 km<\/li>\n<li>Centro del paese: 3 km<\/li>\n<\/ul>\n","protected":false},"excerpt":{"rendered":"<p>Vacanze in agriturismo in Valle Isarco &#8211; Snodres La nostra fattoria, Mitterm\u00fcllerhof La nostra azienda agricola \u00e8 situata nella bella Snodres, a circa 1000 metri sul<span class=\"excerpt-hellip\"> [\u2026]<\/span><\/p>\n","protected":false},"author":1,"featured_media":0,"parent":0,"menu_order":0,"comment_status":"open","ping_status":"open","template":"","meta":{"_acf_changed":false,"_monsterinsights_skip_tracking":false,"_monsterinsights_sitenote_active":false,"_monsterinsights_sitenote_note":"","_monsterinsights_sitenote_category":0,"footnotes":""},"class_list":["post-349","page","type-page","status-publish","hentry"],"acf":[],"_links":{"self":[{"href":"https:\/\/www.mittermuellerhof.it\/it\/wp-json\/wp\/v2\/pages\/349","targetHints":{"allow":["GET"]}}],"collection":[{"href":"https:\/\/www.mittermuellerhof.it\/it\/wp-json\/wp\/v2\/pages"}],"about":[{"href":"https:\/\/www.mittermuellerhof.it\/it\/wp-json\/wp\/v2\/types\/page"}],"author":[{"embeddable":true,"href":"https:\/\/www.mittermuellerhof.it\/it\/wp-json\/wp\/v2\/users\/1"}],"replies":[{"embeddable":true,"href":"https:\/\/www.mittermuellerhof.it\/it\/wp-json\/wp\/v2\/comments?post=349"}],"version-history":[{"count":3,"href":"https:\/\/www.mittermuellerhof.it\/it\/wp-json\/wp\/v2\/pages\/349\/revisions"}],"predecessor-version":[{"id":1603,"href":"https:\/\/www.mittermuellerhof.it\/it\/wp-json\/wp\/v2\/pages\/349\/revisions\/1603"}],"wp:attachment":[{"href":"https:\/\/www.mittermuellerhof.it\/it\/wp-json\/wp\/v2\/media?parent=349"}],"curies":[{"name":"wp","href":"https:\/\/api.w.org\/{rel}","templated":true}]}}