{"id":351,"date":"2014-11-20T17:43:01","date_gmt":"2014-11-20T15:43:01","guid":{"rendered":"https:\/\/mittermuellerhof.it\/winter-2\/"},"modified":"2026-03-19T17:08:13","modified_gmt":"2026-03-19T15:08:13","slug":"inverno","status":"publish","type":"page","link":"https:\/\/www.mittermuellerhof.it\/it\/inverno\/","title":{"rendered":"Inverno"},"content":{"rendered":"<h1>Vacanze invernali in agriturismo a Velturno<\/h1>\n<h2>Escursioni sulle racchette da neve<\/h2>\n<p>Alla larga da adrenaliniche discese sugli sci e frizzanti percorsi con lo slittino, ci sono anche altri modi, pi\u00f9 rilassati e tranquilli, per godere del panorama invernale: la formula magica \u00e8 \u201cescursioni sulle racchette da neve\u201d. Attrezzati con racchette da neve e bastoni, preparatevi ad un&#8217;esperienza indimenticabile su uno dei tanti sentieri che attraversano il meraviglioso paesaggio delle montagne altoatesine. Mentre il vostro fisico verr\u00e0 messo alla prova, la mentre ritrover\u00e0 serenit\u00e0 e armonia. Il vostro spirito diverr\u00e0 un tutt&#8217;uno con la natura che vi circonda mentre voi vi godrete i raggi del sole invernale. Le escursioni sulle racchette sono adatte a giovane e anziani e consentono di fare il necessario esercizio per una vita sana e dinamica.<\/p>\n<div class=\"accordion\"><div class=\"mfn-acc accordion_wrapper \"><div class=\"question\"><div class=\"title\"><i class=\"icon-plus acc-icon-plus\" aria-hidden=\"true\"><\/i><i class=\"icon-minus acc-icon-minus\" aria-hidden=\"true\"><\/i>Rifugio Brugger<\/div><div class=\"answer\">Un&#8217;escursione sulle racchette da neve senza salite eccessive, ma con un ottimo panorama? Di queste la nostra regione ha ben pi\u00f9 di un&#8217;offerta. Prendete il sentiero nel bosco (segnalato con il numero 1) attraverso piste assolate fino al rifugio Brugger. Attraversate la radura e proseguite sul sentiero numero 8 attraverso le ampie malghe. La vista sul Gruppo delle Odle e sulle Dolomiti vi lascer\u00e0 senza fiato! La strada di ritorno passa per il sentiero 14B, davanti al rifugio Brugger e poi sul 14 fino al parcheggio nei pressi del maso K\u00fchhof.<\/div><\/div>\n<\/p>\n<p><div class=\"question\"><div class=\"title\"><i class=\"icon-plus acc-icon-plus\" aria-hidden=\"true\"><\/i><i class=\"icon-minus acc-icon-minus\" aria-hidden=\"true\"><\/i>Monte del Pascolo<\/div><div class=\"answer\">Chi non teme un&#8217;escursione medio-difficile di circa 4 ore potrebbe prendere in considerazione la tratta K\u00fchhof-Monte del Pascolo. Si parte sopra Lazfons, dai pressi del maso K\u00fchhof, e si segue il sentiero nella foresta per poi passare alla strade dei boschi verso la croce meteo. In 45 minuti sarete arrivati al prato della malga. Su un percorso in salita e per tratti in maggior parte sprovvisti di strada si prosegue in direzione nord-est fino alla meta, il Monte del Pascolo, a circa 2436 metri di altezza. Questo percorso \u00e8 realizzabile anche a partire da Caerna (1411 metri).<\/div><\/div>\n<\/div><\/div>\n\n<p>&nbsp;<\/p>\n\n\t\t\t<style type='text\/css'>\n\t\t\t\t#sc_gallery-1 {\n\t\t\t\t\tmargin: auto;\n\t\t\t\t}\n\t\t\t\t#sc_gallery-1 .gallery-item {\n\t\t\t\t\tfloat: left;\n\t\t\t\t\ttext-align: center;\n\t\t\t\t\twidth: 24.99%;\n\t\t\t\t}\n\t\t\t\t#sc_gallery-1 img {\n\t\t\t\t\tborder: 2px solid #cfcfcf;\n\t\t\t\t}\n\t\t\t\t\/* see sc_gallery() in functions\/theme-shortcodes.php *\/\n\t\t\t<\/style>\n\t\t<div id='sc_gallery-1' class='gallery galleryid-351 gallery-columns-4 gallery-size-thumbnail file element_classes gallery-default'><dl class='gallery-item'  data-title='schneeschuhwandern1' data-description=''><div class='gallery-item-wrapper'>\n\t\t\t\t<dt class='gallery-icon landscape'>\n\t\t\t\t\t<a href='https:\/\/www.mittermuellerhof.it\/wp-content\/uploads\/schneeschuhwandern1.jpg'><img loading=\"lazy\" decoding=\"async\" width=\"150\" height=\"150\" src=\"https:\/\/www.mittermuellerhof.it\/wp-content\/uploads\/schneeschuhwandern1-150x150.jpg\" class=\"attachment-thumbnail size-thumbnail\" alt=\"\" srcset=\"https:\/\/www.mittermuellerhof.it\/wp-content\/uploads\/schneeschuhwandern1-150x150.jpg 150w, https:\/\/www.mittermuellerhof.it\/wp-content\/uploads\/schneeschuhwandern1-80x80.jpg 80w, https:\/\/www.mittermuellerhof.it\/wp-content\/uploads\/schneeschuhwandern1-85x85.jpg 85w\" sizes=\"auto, (max-width:767px) 150px, 150px\" \/><\/a>\n\t\t\t\t<\/dt><\/div><\/dl><dl class='gallery-item'  data-title='schneeschuhwandern2' data-description=''><div class='gallery-item-wrapper'>\n\t\t\t\t<dt class='gallery-icon landscape'>\n\t\t\t\t\t<a href='https:\/\/www.mittermuellerhof.it\/wp-content\/uploads\/schneeschuhwandern2.jpg'><img loading=\"lazy\" decoding=\"async\" width=\"150\" height=\"150\" src=\"https:\/\/www.mittermuellerhof.it\/wp-content\/uploads\/schneeschuhwandern2-150x150.jpg\" class=\"attachment-thumbnail size-thumbnail\" alt=\"\" srcset=\"https:\/\/www.mittermuellerhof.it\/wp-content\/uploads\/schneeschuhwandern2-150x150.jpg 150w, https:\/\/www.mittermuellerhof.it\/wp-content\/uploads\/schneeschuhwandern2-80x80.jpg 80w, https:\/\/www.mittermuellerhof.it\/wp-content\/uploads\/schneeschuhwandern2-85x85.jpg 85w\" sizes=\"auto, (max-width:767px) 150px, 150px\" \/><\/a>\n\t\t\t\t<\/dt><\/div><\/dl><dl class='gallery-item'  data-title='schneeschuhwandern3' data-description=''><div class='gallery-item-wrapper'>\n\t\t\t\t<dt class='gallery-icon landscape'>\n\t\t\t\t\t<a href='https:\/\/www.mittermuellerhof.it\/wp-content\/uploads\/schneeschuhwandern3.jpg'><img loading=\"lazy\" decoding=\"async\" width=\"150\" height=\"150\" src=\"https:\/\/www.mittermuellerhof.it\/wp-content\/uploads\/schneeschuhwandern3-150x150.jpg\" class=\"attachment-thumbnail size-thumbnail\" alt=\"\" srcset=\"https:\/\/www.mittermuellerhof.it\/wp-content\/uploads\/schneeschuhwandern3-150x150.jpg 150w, https:\/\/www.mittermuellerhof.it\/wp-content\/uploads\/schneeschuhwandern3-80x80.jpg 80w, https:\/\/www.mittermuellerhof.it\/wp-content\/uploads\/schneeschuhwandern3-85x85.jpg 85w\" sizes=\"auto, (max-width:767px) 150px, 150px\" \/><\/a>\n\t\t\t\t<\/dt><\/div><\/dl><dl class='gallery-item'  data-title='schneeschuhwandern4' data-description=''><div class='gallery-item-wrapper'>\n\t\t\t\t<dt class='gallery-icon landscape'>\n\t\t\t\t\t<a href='https:\/\/www.mittermuellerhof.it\/wp-content\/uploads\/schneeschuhwandern4.jpg'><img loading=\"lazy\" decoding=\"async\" width=\"150\" height=\"150\" src=\"https:\/\/www.mittermuellerhof.it\/wp-content\/uploads\/schneeschuhwandern4-150x150.jpg\" class=\"attachment-thumbnail size-thumbnail\" alt=\"\" srcset=\"https:\/\/www.mittermuellerhof.it\/wp-content\/uploads\/schneeschuhwandern4-150x150.jpg 150w, https:\/\/www.mittermuellerhof.it\/wp-content\/uploads\/schneeschuhwandern4-80x80.jpg 80w, https:\/\/www.mittermuellerhof.it\/wp-content\/uploads\/schneeschuhwandern4-85x85.jpg 85w\" sizes=\"auto, (max-width:767px) 150px, 150px\" \/><\/a>\n\t\t\t\t<\/dt><\/div><\/dl><br style=\"clear: both\" \/>\n\t\t\t<\/div>\n\n<h2>Slittino<\/h2>\n<p>Mentre in estate la regione delle malghe di Velturno e Lazfons sono dipinte dei toni dei vivaci fiori e dei morbidi prati, in inverno a farla da padrone \u00e8 il paesaggio innevato. Un&#8217;attrazione particolarmente apprezzabile della regione \u00e8 senza dubbio la variet\u00e0 di piste per slittini, e non sono solo quelli dei bambini i cuori che queste piste sanno far battere. Godetevi l&#8217;inverno con tutta la famiglia e lanciatevi a tutta velocit\u00e0 dalle nostre bianche cime.<\/p>\n<div class=\"accordion\"><div class=\"mfn-acc accordion_wrapper \"><div class=\"question\"><div class=\"title\"><i class=\"icon-plus acc-icon-plus\" aria-hidden=\"true\"><\/i><i class=\"icon-minus acc-icon-minus\" aria-hidden=\"true\"><\/i>Rifugio Brugger<\/div><div class=\"answer\"><br \/>\nVoi e i vostri compagni di viaggio siete degli amanti dello slittino? Allora mettetevi in strada per la pista per slittini del rifugio Brugger (4,2 km). Questa pista porta fino alla croce meteo di Caerna. Attraverso il sentiero che attraversa la foresta la salita fino al rifugio dura circa un&#8217;ora e tre quarti, ma sarete prontamente ricompensati per i vostri sforzi, e la vertiginosa partenza \u00e8 gi\u00e0 essa stessa una gioia per grandi e piccoli. Se la neve lo consente, \u00e8 possibile scivolare sullo slittino dal rifugio Brugger fino a Snodres. Ricordatevi per\u00f2 che da l\u00ec al parcheggio di Caerna \u00e8 una camminata di circa un&#8217;ora.<\/div><\/div>\n<\/p>\n<p><div class=\"question\"><div class=\"title\"><i class=\"icon-plus acc-icon-plus\" aria-hidden=\"true\"><\/i><i class=\"icon-minus acc-icon-minus\" aria-hidden=\"true\"><\/i>Pista per slittini Kaseregg (Lazfons)<\/div><div class=\"answer\"><br \/>\nAls klassische Familienrodelbahn gilt die 2 km lange Rodelbahn Kaseregg. Vom Bauernhof \u00d6berst aus ist es etwa 1 Std. Aufstieg. Genie\u00dfen Sie mit Ihren Kindern diese leicht zu bestreitende Abfahrt. Wer von Ihnen schafft es als erster nach unten?<\/div><\/div>\n<\/p>\n<p><div class=\"question\"><div class=\"title\"><i class=\"icon-plus acc-icon-plus\" aria-hidden=\"true\"><\/i><i class=\"icon-minus acc-icon-minus\" aria-hidden=\"true\"><\/i>Pista naturale per slittini Prati di Lahn (Lazfons)<\/div><div class=\"answer\"><br \/>\nAnche questa pista promette un&#8217;emozionante esperienza sullo slittino. La pista naturale Prati di Lahn scorre attraverso la malga di Lazfons e da Steineben \u00e8 raggiungibile a piedi in circa un&#8217;ora. Con circa 1,8 chilometri siamo certi che voi e i vostri amici troverete di che divertirvi! <\/div><\/div>\n<\/div><\/div>\n\n<h2><\/h2>\n<h2><\/h2>\n<h2>Tour sugli sci<\/h2>\n<div class=\"accordion\"><div class=\"mfn-acc accordion_wrapper \"><div class=\"question\"><div class=\"title\"><i class=\"icon-plus acc-icon-plus\" aria-hidden=\"true\"><\/i><i class=\"icon-minus acc-icon-minus\" aria-hidden=\"true\"><\/i>Cima San Lorenzo<\/div><div class=\"answer\"><br \/>\nPartite da Steineben a 1549 metri. Questo percorso medio-difficile di 4,5 chilometri vi porter\u00e0 attraverso 934 metri di altezza alla vostra meta, la Cima S. Lorenzo (2483 metri). Nel rifugio Steineben da venerd\u00ec a domenica potrete gustarvi un meritato spuntino mentre con lo sguardo sorvolate l&#8217;incantevole paesaggio invernale che vi circonda.<\/div><\/div>\n<\/p>\n<p><div class=\"question\"><div class=\"title\"><i class=\"icon-plus acc-icon-plus\" aria-hidden=\"true\"><\/i><i class=\"icon-minus acc-icon-minus\" aria-hidden=\"true\"><\/i>Cima San Cassiano<\/div><div class=\"answer\"><br \/>\nIl vostro percorso fino alla Cima S. Cassiano a 2581 comincia da Steineben (1549 metri). In totale sarete per strada per circa 6 chilometri e questa difficile tratta richiede ottime condizioni fisiche. Presso il rifugio Steineben potrete consumare uno spuntino da venerd\u00ec a domenica.<\/div><\/div>\n<\/p>\n<p><div class=\"question\"><div class=\"title\"><i class=\"icon-plus acc-icon-plus\" aria-hidden=\"true\"><\/i><i class=\"icon-minus acc-icon-minus\" aria-hidden=\"true\"><\/i>Cima Plankenhorn<\/div><div class=\"answer\"><br \/>\nQuesto percorso medio-difficile comincia a Steineben a 1549 metri. La vostra meta, la cima Plankenhorn, \u00e8 situata a 2543 metri, per un dislivello di 993 metri. Se siete per strada venerd\u00ec, sabato o domenica troverete a vostra disposizione anche il rifugio Steineben.<\/div><\/div>\n<\/p>\n<p><div class=\"question\"><div class=\"title\"><i class=\"icon-plus acc-icon-plus\" aria-hidden=\"true\"><\/i><i class=\"icon-minus acc-icon-minus\" aria-hidden=\"true\"><\/i>Rifugio Brugger<\/div><div class=\"answer\"><br \/>\nUn tranquillo percorso sugli sci senza particolari pendenze che porta fino al rifugio Brugger Schupfe. Tratti soleggiati e una cornice naturale incantevole di bianche malghe innevate vi attende. Godetevi la vista panoramica sulle cime del Gruppo delle Odle e sulle Dolomiti!<\/div><\/div>\n<\/div><\/div>\n\n<h2><\/h2>\n<h2><\/h2>\n<h2>Sciare<\/h2>\n<p>Sia i principianti che gli sciatori esperti vengono sulle montagne dell&#8217;Alto Adige per divertirsi, e questo per almeno due ragioni. Da una parte sono attratti dalle splendide piste da sci, mentre dall&#8217;altra \u00e8 il panorama di tutta la regione ad attrarre visitatori da ogni dove. Siamo certi che non vi dimenticherete facilmente della vostra gita con gli ski. Riuscite gi\u00e0 a sentire i cristalli di neve che s\u2019infrangono sotto gli sci? Sentite gi\u00e0 l&#8217;aria sul volto? <strong>Benvenuti nel paradiso per sciatori dell&#8217;Alto Adige!<\/strong><\/p>\n<div class=\"accordion\"><div class=\"mfn-acc accordion_wrapper \"><div class=\"question\"><div class=\"title\"><i class=\"icon-plus acc-icon-plus\" aria-hidden=\"true\"><\/i><i class=\"icon-minus acc-icon-minus\" aria-hidden=\"true\"><\/i>Area sciistica Maders a Snodres<\/div><div class=\"answer\"><br \/>\nL&#8217;impianto di risalita Maders risale al 1979 e si protrae per circa 395 metri. Ogni ora questa seggiovia porta in cima in media 720 sciatori. \u00c9 comodamente collocato a pochi metri dalla nostra porta di casa.<\/div><\/div>\n<\/p>\n<p><div class=\"accordion\"><div class=\"mfn-acc accordion_wrapper \"><\/div><\/div>\n<div class=\"question\"><div class=\"title\"><i class=\"icon-plus acc-icon-plus\" aria-hidden=\"true\"><\/i><i class=\"icon-minus acc-icon-minus\" aria-hidden=\"true\"><\/i>Area sciistica Plose <\/div><div class=\"answer\"><br \/>\nA circa 25 minuti di strada da Velturno troverete la stazione sciistica Bressanone\/Plose. Qui gli appassionati della neve hanno a disposizione 9 diversi impianti di risalita e una lunghezza complessiva delle piste di 10,5 chilometri.<\/div><\/div>\n<\/p>\n<p><div class=\"accordion\"><div class=\"mfn-acc accordion_wrapper \"><\/div><\/div>\n<div class=\"question\"><div class=\"title\"><i class=\"icon-plus acc-icon-plus\" aria-hidden=\"true\"><\/i><i class=\"icon-minus acc-icon-minus\" aria-hidden=\"true\"><\/i>Safari con gli sci sulle Dolomiti<\/div><div class=\"answer\"><br \/>\nDal 26 dicembre al 28 marzo, ogni giorno da luned\u00ec a sabato, un autobus vi porter\u00e0 comodamente da una stazione sciistica all&#8217;altra. Lasciate parcheggiata la vostra macchina e sfruttate l&#8217;offerta di questo caratteristico sci-safari. L&#8217;autobus vi raccoglier\u00e0 presso la nostra struttura per portarvi a Plose, a Gardena e alla malga di Siusi attraverso il mitico Sellaronda. Maggiori informazioni sono disponibili a questo <a href=\"http:\/\/www.klausen.it\/it\/regione-da-vivere\/inverno\/ski-safari-dolomiti.html\" target=\"_blank\" rel=\"noopener\">idirizzo<\/a>.<br \/>\n<\/div><\/div>\n<\/div><\/div>\n\n","protected":false},"excerpt":{"rendered":"<p>Vacanze invernali in agriturismo a Velturno Escursioni sulle racchette da neve Alla larga da adrenaliniche discese sugli sci e frizzanti percorsi con lo slittino, ci sono<span class=\"excerpt-hellip\"> [\u2026]<\/span><\/p>\n","protected":false},"author":1,"featured_media":0,"parent":0,"menu_order":0,"comment_status":"open","ping_status":"open","template":"","meta":{"_acf_changed":false,"_monsterinsights_skip_tracking":false,"_monsterinsights_sitenote_active":false,"_monsterinsights_sitenote_note":"","_monsterinsights_sitenote_category":0,"footnotes":""},"class_list":["post-351","page","type-page","status-publish","hentry"],"acf":[],"_links":{"self":[{"href":"https:\/\/www.mittermuellerhof.it\/it\/wp-json\/wp\/v2\/pages\/351","targetHints":{"allow":["GET"]}}],"collection":[{"href":"https:\/\/www.mittermuellerhof.it\/it\/wp-json\/wp\/v2\/pages"}],"about":[{"href":"https:\/\/www.mittermuellerhof.it\/it\/wp-json\/wp\/v2\/types\/page"}],"author":[{"embeddable":true,"href":"https:\/\/www.mittermuellerhof.it\/it\/wp-json\/wp\/v2\/users\/1"}],"replies":[{"embeddable":true,"href":"https:\/\/www.mittermuellerhof.it\/it\/wp-json\/wp\/v2\/comments?post=351"}],"version-history":[{"count":3,"href":"https:\/\/www.mittermuellerhof.it\/it\/wp-json\/wp\/v2\/pages\/351\/revisions"}],"predecessor-version":[{"id":1985,"href":"https:\/\/www.mittermuellerhof.it\/it\/wp-json\/wp\/v2\/pages\/351\/revisions\/1985"}],"wp:attachment":[{"href":"https:\/\/www.mittermuellerhof.it\/it\/wp-json\/wp\/v2\/media?parent=351"}],"curies":[{"name":"wp","href":"https:\/\/api.w.org\/{rel}","templated":true}]}}