{"id":353,"date":"2014-11-20T17:43:50","date_gmt":"2014-11-20T15:43:50","guid":{"rendered":"https:\/\/mittermuellerhof.it\/wohnungen-2\/"},"modified":"2026-04-09T16:38:08","modified_gmt":"2026-04-09T14:38:08","slug":"alloggi","status":"publish","type":"page","link":"https:\/\/www.mittermuellerhof.it\/it\/alloggi\/","title":{"rendered":"Alloggi"},"content":{"rendered":"<h1>Case vacanze a Velturno &#8211; Agriturismo<\/h1>\n<p>\u201cSentitevi come a casa.\u201d Non lo diciamo tanto per dire, bens\u00ec ci diamo da fare affinch\u00e9 questo augurio si realizzi per voi e per tutta la vostra famiglia. Tutte le nostre abitazioni sono state arredate da noi con decorazioni e accessori diversi per ogni camera. Un ambiente accogliente \u00e8 fondamentale per trascorrere una vacanza indimenticabile in agriturismo.<\/p>\n<p><strong>Fornitura: <\/strong>Lenzuola, Asciugamani, Asciugacapelli, Cucina attrezzata, Tostapane, Bollitore, Moca e macchine per il caff\u00e8<\/p>\n<h2>Alloggi &amp; Prezzi<\/h2>\n<div class=\"jq-tabs tabs_wrapper tabs_\"><ul><li><a href=\"#tab-69e20e3a78a88-1\">Eibisch<\/a><\/li><li><a href=\"#tab-69e20e3a78a88-2\">Flieder<\/a><\/li><li><a href=\"#tab-69e20e3a78a88-3\">Holunder<\/a><\/li><\/ul><div id=\"tab-69e20e3a78a88-1\" ><\/p>\n<h2>Apartamento Eibisch<\/h2>\n<p>Il nostro appartamento Eibisch (65 metri quadrati) offre alloggio a 4-6 persone. Si compone di due camere, due bagni con doccia e un&#8217;ampia cucina abitabile con divano-letto. Quale sia l&#8217;attrattiva principale di questa abitazione dotata di moquette e mobili attrezzati? \u00c8 ovvio: il balcone rivolto a sud consente di godere di un paesaggio montano stupefacente.<\/p>\n<h3>Prezzi<\/h3>\n<p>A partire da 80 \u20ac al giorno per 2 persone che soggiornano 3 notti o pi\u00f9<\/p>\n<p>\n\t\t\t<style type='text\/css'>\n\t\t\t\t#sc_gallery-1 {\n\t\t\t\t\tmargin: auto;\n\t\t\t\t}\n\t\t\t\t#sc_gallery-1 .gallery-item {\n\t\t\t\t\tfloat: left;\n\t\t\t\t\ttext-align: center;\n\t\t\t\t\twidth: 49.99%;\n\t\t\t\t}\n\t\t\t\t#sc_gallery-1 img {\n\t\t\t\t\tborder: 2px solid #cfcfcf;\n\t\t\t\t}\n\t\t\t\t\/* see sc_gallery() in functions\/theme-shortcodes.php *\/\n\t\t\t<\/style>\n\t\t<div id='sc_gallery-1' class='gallery galleryid-353 gallery-columns-2 gallery-size-thumbnail file element_classes gallery-default'><dl class='gallery-item'  data-title='eibisch2' data-description=''><div class='gallery-item-wrapper'>\n\t\t\t\t<dt class='gallery-icon landscape'>\n\t\t\t\t\t<a href='https:\/\/www.mittermuellerhof.it\/wp-content\/uploads\/eibisch2.jpg'><img loading=\"lazy\" decoding=\"async\" width=\"150\" height=\"150\" src=\"https:\/\/www.mittermuellerhof.it\/wp-content\/uploads\/eibisch2-150x150.jpg\" class=\"attachment-thumbnail size-thumbnail\" alt=\"\" srcset=\"https:\/\/www.mittermuellerhof.it\/wp-content\/uploads\/eibisch2-150x150.jpg 150w, https:\/\/www.mittermuellerhof.it\/wp-content\/uploads\/eibisch2-80x80.jpg 80w, https:\/\/www.mittermuellerhof.it\/wp-content\/uploads\/eibisch2-85x85.jpg 85w\" sizes=\"auto, (max-width:767px) 150px, 150px\" \/><\/a>\n\t\t\t\t<\/dt><\/div><\/dl><dl class='gallery-item'  data-title='eibisch3' data-description=''><div class='gallery-item-wrapper'>\n\t\t\t\t<dt class='gallery-icon portrait'>\n\t\t\t\t\t<a href='https:\/\/www.mittermuellerhof.it\/wp-content\/uploads\/eibisch3.jpg'><img loading=\"lazy\" decoding=\"async\" width=\"150\" height=\"150\" src=\"https:\/\/www.mittermuellerhof.it\/wp-content\/uploads\/eibisch3-150x150.jpg\" class=\"attachment-thumbnail size-thumbnail\" alt=\"\" srcset=\"https:\/\/www.mittermuellerhof.it\/wp-content\/uploads\/eibisch3-150x150.jpg 150w, https:\/\/www.mittermuellerhof.it\/wp-content\/uploads\/eibisch3-80x80.jpg 80w, https:\/\/www.mittermuellerhof.it\/wp-content\/uploads\/eibisch3-85x85.jpg 85w\" sizes=\"auto, (max-width:767px) 150px, 150px\" \/><\/a>\n\t\t\t\t<\/dt><\/div><\/dl><br style=\"clear: both\" \/><dl class='gallery-item'  data-title='eibisch4' data-description=''><div class='gallery-item-wrapper'>\n\t\t\t\t<dt class='gallery-icon landscape'>\n\t\t\t\t\t<a href='https:\/\/www.mittermuellerhof.it\/wp-content\/uploads\/eibisch4.jpg'><img loading=\"lazy\" decoding=\"async\" width=\"150\" height=\"150\" src=\"https:\/\/www.mittermuellerhof.it\/wp-content\/uploads\/eibisch4-150x150.jpg\" class=\"attachment-thumbnail size-thumbnail\" alt=\"\" srcset=\"https:\/\/www.mittermuellerhof.it\/wp-content\/uploads\/eibisch4-150x150.jpg 150w, https:\/\/www.mittermuellerhof.it\/wp-content\/uploads\/eibisch4-80x80.jpg 80w, https:\/\/www.mittermuellerhof.it\/wp-content\/uploads\/eibisch4-85x85.jpg 85w\" sizes=\"auto, (max-width:767px) 150px, 150px\" \/><\/a>\n\t\t\t\t<\/dt><\/div><\/dl><dl class='gallery-item'  data-title='eibisch5' data-description=''><div class='gallery-item-wrapper'>\n\t\t\t\t<dt class='gallery-icon landscape'>\n\t\t\t\t\t<a href='https:\/\/www.mittermuellerhof.it\/wp-content\/uploads\/eibisch5.jpg'><img loading=\"lazy\" decoding=\"async\" width=\"150\" height=\"150\" src=\"https:\/\/www.mittermuellerhof.it\/wp-content\/uploads\/eibisch5-150x150.jpg\" class=\"attachment-thumbnail size-thumbnail\" alt=\"\" srcset=\"https:\/\/www.mittermuellerhof.it\/wp-content\/uploads\/eibisch5-150x150.jpg 150w, https:\/\/www.mittermuellerhof.it\/wp-content\/uploads\/eibisch5-80x80.jpg 80w, https:\/\/www.mittermuellerhof.it\/wp-content\/uploads\/eibisch5-85x85.jpg 85w\" sizes=\"auto, (max-width:767px) 150px, 150px\" \/><\/a>\n\t\t\t\t<\/dt><\/div><\/dl><br style=\"clear: both\" \/>\n\t\t\t<\/div>\n<\/p>\n<p><a class=\"button  button_size_2\" href=\"https:\/\/www.mittermuellerhof.it\/it\/richiesta\/\"     style=\"background-color:#3b1d0d!important;color:#ffffff;\"     title=\"\"><span class=\"button_label\">Richiesta<\/span><\/a>\n<\/div><div id=\"tab-69e20e3a78a88-2\" ><\/p>\n<h2>Apartamento Flieder<\/h2>\n<p>La nostra dimora Flieder\/lill\u00e0 (50 metri quadrati) \u00e8 adatta a 2 o 4 persone. \u00c8 dotata di una camera tripla in cui \u00e8 possibile all&#8217;occorrenza inserire un quarto letto, una comoda cucina, bagno con doccia e un balcone orientato a nord che volge al Lago Rodella.<\/p>\n<h3>Prezzi<\/h3>\n<p>A partire da 80 \u20ac al giorno per 2 persone che soggiornano 3 notti o pi\u00f9<\/p>\n<p>\n\t\t\t<style type='text\/css'>\n\t\t\t\t#sc_gallery-2 {\n\t\t\t\t\tmargin: auto;\n\t\t\t\t}\n\t\t\t\t#sc_gallery-2 .gallery-item {\n\t\t\t\t\tfloat: left;\n\t\t\t\t\ttext-align: center;\n\t\t\t\t\twidth: 49.99%;\n\t\t\t\t}\n\t\t\t\t#sc_gallery-2 img {\n\t\t\t\t\tborder: 2px solid #cfcfcf;\n\t\t\t\t}\n\t\t\t\t\/* see sc_gallery() in functions\/theme-shortcodes.php *\/\n\t\t\t<\/style>\n\t\t<div id='sc_gallery-2' class='gallery galleryid-353 gallery-columns-2 gallery-size-thumbnail file element_classes gallery-default'><dl class='gallery-item'  data-title='flieder3' data-description=''><div class='gallery-item-wrapper'>\n\t\t\t\t<dt class='gallery-icon landscape'>\n\t\t\t\t\t<a href='https:\/\/www.mittermuellerhof.it\/wp-content\/uploads\/flieder3.jpg'><img loading=\"lazy\" decoding=\"async\" width=\"150\" height=\"150\" src=\"https:\/\/www.mittermuellerhof.it\/wp-content\/uploads\/flieder3-150x150.jpg\" class=\"attachment-thumbnail size-thumbnail\" alt=\"\" srcset=\"https:\/\/www.mittermuellerhof.it\/wp-content\/uploads\/flieder3-150x150.jpg 150w, https:\/\/www.mittermuellerhof.it\/wp-content\/uploads\/flieder3-80x80.jpg 80w, https:\/\/www.mittermuellerhof.it\/wp-content\/uploads\/flieder3-85x85.jpg 85w\" sizes=\"auto, (max-width:767px) 150px, 150px\" \/><\/a>\n\t\t\t\t<\/dt><\/div><\/dl><dl class='gallery-item'  data-title='flieder4' data-description=''><div class='gallery-item-wrapper'>\n\t\t\t\t<dt class='gallery-icon landscape'>\n\t\t\t\t\t<a href='https:\/\/www.mittermuellerhof.it\/wp-content\/uploads\/flieder4.jpg'><img loading=\"lazy\" decoding=\"async\" width=\"150\" height=\"150\" src=\"https:\/\/www.mittermuellerhof.it\/wp-content\/uploads\/flieder4-150x150.jpg\" class=\"attachment-thumbnail size-thumbnail\" alt=\"\" srcset=\"https:\/\/www.mittermuellerhof.it\/wp-content\/uploads\/flieder4-150x150.jpg 150w, https:\/\/www.mittermuellerhof.it\/wp-content\/uploads\/flieder4-80x80.jpg 80w, https:\/\/www.mittermuellerhof.it\/wp-content\/uploads\/flieder4-85x85.jpg 85w\" sizes=\"auto, (max-width:767px) 150px, 150px\" \/><\/a>\n\t\t\t\t<\/dt><\/div><\/dl><br style=\"clear: both\" \/><dl class='gallery-item'  data-title='flieder1' data-description=''><div class='gallery-item-wrapper'>\n\t\t\t\t<dt class='gallery-icon landscape'>\n\t\t\t\t\t<a href='https:\/\/www.mittermuellerhof.it\/wp-content\/uploads\/flieder1.jpg'><img loading=\"lazy\" decoding=\"async\" width=\"150\" height=\"150\" src=\"https:\/\/www.mittermuellerhof.it\/wp-content\/uploads\/flieder1-150x150.jpg\" class=\"attachment-thumbnail size-thumbnail\" alt=\"\" srcset=\"https:\/\/www.mittermuellerhof.it\/wp-content\/uploads\/flieder1-150x150.jpg 150w, https:\/\/www.mittermuellerhof.it\/wp-content\/uploads\/flieder1-80x80.jpg 80w, https:\/\/www.mittermuellerhof.it\/wp-content\/uploads\/flieder1-85x85.jpg 85w\" sizes=\"auto, (max-width:767px) 150px, 150px\" \/><\/a>\n\t\t\t\t<\/dt><\/div><\/dl><dl class='gallery-item'  data-title='flieder2' data-description=''><div class='gallery-item-wrapper'>\n\t\t\t\t<dt class='gallery-icon portrait'>\n\t\t\t\t\t<a href='https:\/\/www.mittermuellerhof.it\/wp-content\/uploads\/flieder2.jpg'><img loading=\"lazy\" decoding=\"async\" width=\"150\" height=\"150\" src=\"https:\/\/www.mittermuellerhof.it\/wp-content\/uploads\/flieder2-150x150.jpg\" class=\"attachment-thumbnail size-thumbnail\" alt=\"\" srcset=\"https:\/\/www.mittermuellerhof.it\/wp-content\/uploads\/flieder2-150x150.jpg 150w, https:\/\/www.mittermuellerhof.it\/wp-content\/uploads\/flieder2-80x80.jpg 80w, https:\/\/www.mittermuellerhof.it\/wp-content\/uploads\/flieder2-85x85.jpg 85w\" sizes=\"auto, (max-width:767px) 150px, 150px\" \/><\/a>\n\t\t\t\t<\/dt><\/div><\/dl><br style=\"clear: both\" \/>\n\t\t\t<\/div>\n<\/p>\n<p><a class=\"button  button_size_2\" href=\"https:\/\/www.mittermuellerhof.it\/it\/richiesta\/\"     style=\"background-color:#3b1d0d!important;color:#ffffff;\"     title=\"\"><span class=\"button_label\">Richiesta<\/span><\/a>\n<\/div><div id=\"tab-69e20e3a78a88-3\" ><\/p>\n<h2>Apartamento Holunder<\/h2>\n<p>Viaggiate in coppia o magari in tre? Allora il nostro appartamento Holunder con circa 40 metri quadrati di superficie abitabile \u00e8 l&#8217;ideale per voi. Se necessario, in questa variante di camera \u00e8 possibile sistemare una culla o un letto supplementare per la terza persona. La stanza ha un pavimento in legno naturale ed \u00e8 arredata con mobili impiallacciati. Inoltre, questo appartamento offre una piccola ma graziosa cucina, una doccia e una terrazza con vista sulle montagne Geisler. Godetevi la splendida vista!<\/p>\n<h3>Prezzi<\/h3>\n<p>A partire da 80 \u20ac al giorno per 2 persone che soggiornano 3 notti o pi\u00f9<\/p>\n<p>\n\t\t\t<style type='text\/css'>\n\t\t\t\t#sc_gallery-3 {\n\t\t\t\t\tmargin: auto;\n\t\t\t\t}\n\t\t\t\t#sc_gallery-3 .gallery-item {\n\t\t\t\t\tfloat: left;\n\t\t\t\t\ttext-align: center;\n\t\t\t\t\twidth: 49.99%;\n\t\t\t\t}\n\t\t\t\t#sc_gallery-3 img {\n\t\t\t\t\tborder: 2px solid #cfcfcf;\n\t\t\t\t}\n\t\t\t\t\/* see sc_gallery() in functions\/theme-shortcodes.php *\/\n\t\t\t<\/style>\n\t\t<div id='sc_gallery-3' class='gallery galleryid-353 gallery-columns-2 gallery-size-thumbnail file element_classes gallery-default'><dl class='gallery-item'  data-title='holunder1' data-description=''><div class='gallery-item-wrapper'>\n\t\t\t\t<dt class='gallery-icon landscape'>\n\t\t\t\t\t<a href='https:\/\/www.mittermuellerhof.it\/wp-content\/uploads\/holunder1.jpg'><img loading=\"lazy\" decoding=\"async\" width=\"150\" height=\"150\" src=\"https:\/\/www.mittermuellerhof.it\/wp-content\/uploads\/holunder1-150x150.jpg\" class=\"attachment-thumbnail size-thumbnail\" alt=\"\" srcset=\"https:\/\/www.mittermuellerhof.it\/wp-content\/uploads\/holunder1-150x150.jpg 150w, https:\/\/www.mittermuellerhof.it\/wp-content\/uploads\/holunder1-80x80.jpg 80w, https:\/\/www.mittermuellerhof.it\/wp-content\/uploads\/holunder1-85x85.jpg 85w\" sizes=\"auto, (max-width:767px) 150px, 150px\" \/><\/a>\n\t\t\t\t<\/dt><\/div><\/dl><dl class='gallery-item'  data-title='holunder2' data-description=''><div class='gallery-item-wrapper'>\n\t\t\t\t<dt class='gallery-icon landscape'>\n\t\t\t\t\t<a href='https:\/\/www.mittermuellerhof.it\/wp-content\/uploads\/holunder2.jpg'><img loading=\"lazy\" decoding=\"async\" width=\"150\" height=\"150\" src=\"https:\/\/www.mittermuellerhof.it\/wp-content\/uploads\/holunder2-150x150.jpg\" class=\"attachment-thumbnail size-thumbnail\" alt=\"\" srcset=\"https:\/\/www.mittermuellerhof.it\/wp-content\/uploads\/holunder2-150x150.jpg 150w, https:\/\/www.mittermuellerhof.it\/wp-content\/uploads\/holunder2-80x80.jpg 80w, https:\/\/www.mittermuellerhof.it\/wp-content\/uploads\/holunder2-85x85.jpg 85w\" sizes=\"auto, (max-width:767px) 150px, 150px\" \/><\/a>\n\t\t\t\t<\/dt><\/div><\/dl><br style=\"clear: both\" \/><dl class='gallery-item'  data-title='holunder4' data-description=''><div class='gallery-item-wrapper'>\n\t\t\t\t<dt class='gallery-icon landscape'>\n\t\t\t\t\t<a href='https:\/\/www.mittermuellerhof.it\/wp-content\/uploads\/holunder4.jpg'><img loading=\"lazy\" decoding=\"async\" width=\"150\" height=\"150\" src=\"https:\/\/www.mittermuellerhof.it\/wp-content\/uploads\/holunder4-150x150.jpg\" class=\"attachment-thumbnail size-thumbnail\" alt=\"\" srcset=\"https:\/\/www.mittermuellerhof.it\/wp-content\/uploads\/holunder4-150x150.jpg 150w, https:\/\/www.mittermuellerhof.it\/wp-content\/uploads\/holunder4-80x80.jpg 80w, https:\/\/www.mittermuellerhof.it\/wp-content\/uploads\/holunder4-85x85.jpg 85w\" sizes=\"auto, (max-width:767px) 150px, 150px\" \/><\/a>\n\t\t\t\t<\/dt><\/div><\/dl><dl class='gallery-item'  data-title='holunder5' data-description=''><div class='gallery-item-wrapper'>\n\t\t\t\t<dt class='gallery-icon landscape'>\n\t\t\t\t\t<a href='https:\/\/www.mittermuellerhof.it\/wp-content\/uploads\/holunder5.jpg'><img loading=\"lazy\" decoding=\"async\" width=\"150\" height=\"150\" src=\"https:\/\/www.mittermuellerhof.it\/wp-content\/uploads\/holunder5-150x150.jpg\" class=\"attachment-thumbnail size-thumbnail\" alt=\"\" srcset=\"https:\/\/www.mittermuellerhof.it\/wp-content\/uploads\/holunder5-150x150.jpg 150w, https:\/\/www.mittermuellerhof.it\/wp-content\/uploads\/holunder5-80x80.jpg 80w, https:\/\/www.mittermuellerhof.it\/wp-content\/uploads\/holunder5-85x85.jpg 85w\" sizes=\"auto, (max-width:767px) 150px, 150px\" \/><\/a>\n\t\t\t\t<\/dt><\/div><\/dl><br style=\"clear: both\" \/>\n\t\t\t<\/div>\n<\/p>\n<p><a class=\"button  button_size_2\" href=\"https:\/\/www.mittermuellerhof.it\/it\/richiesta\/\"     style=\"background-color:#3b1d0d!important;color:#ffffff;\"     title=\"\"><span class=\"button_label\">Richiesta<\/span><\/a>\n<\/div><\/div>\n<h2>Colazione con i prodotti del maso<\/h2>\n<p>Prenotate anche la nostra colazione genuina! <a href=\"https:\/\/www.mittermuellerhof.it\/it\/colazione-e-merenda\/\">Per saperne di pi\u00f9 &gt;<\/a><\/p>\n<h2>Informazioni generali<\/h2>\n<ul>\n<li>Per gli ospiti piccolissimi disponiamo di lettino, seggiolone ecc. Previo accordo sono anche ammessi animali domestici.<\/li>\n<li>Noi chiediamo 12,00\u20ac per animale al giorno senza foraggio.<\/li>\n<li>Per grigliate accoglienti abbiamo sia sul maso che sulla malga una bella piazzola.<\/li>\n<li>Per l&#8217;inverno abbiamo costituito una stanza per gli sci. In estate Le aiutiamo con preziosi consigli per escursioni.<\/li>\n<li>I bambini fino a 3 anni sono gratis.<\/li>\n<li><span id=\"result_box\" lang=\"it\"><span class=\"hps\">Adulti e bambini<\/span> <span class=\"hps\">da 14<\/span> <span class=\"hps alt-edited\">anni pagano<\/span> <span class=\"hps\">la tassa di soggiorno<\/span> <span class=\"hps\">di<\/span> <span class=\"hps\">\u20ac 2,40<\/span> <span class=\"hps\">a persona al giorno<\/span>.<br \/>\n<\/span><\/li>\n<li>All\u2019arrivo offriamo agli ospiti un tour di presentazione del maso<\/li>\n<li>La stalla si pu\u00f2 visitare solo se accompagnati da uno dei padroni di casa<\/li>\n<li>Se gli ospiti lo desiderano, volentieri possono aiutare con i lavori del maso<\/li>\n<li>Tempo permettendo, portiamo gli ospiti a visitare la nostra malga<\/li>\n<li>I nostri ospiti ricevono gratuitamente la carta vantaggi Alto Adige Guest Pass<\/li>\n<li>W &#8211; Lan gratuito<\/li>\n<li><span id=\"result_box\" class=\"\" lang=\"it\"><span class=\"hps\">Per soggiorni<\/span> <span class=\"hps\">inferiori a 3 giorni<\/span>, <span class=\"hps\">verr\u00e0 addebitato<\/span> <span class=\"hps\">un supplemento del 10<\/span><span class=\"\">%<\/span><\/span><\/li>\n<li>Nel caso in cui, a causa di un imprevisto, non potesse partecipare alla vacanza, valgono le seguenti condizioni:<br \/>\nLa vacanza pu\u00f2 essere annullata gratuitamente fino a 3 mesi prima della partenza. Se l\u2019annullamento avviene entro 3 mesi e non oltre 4 settimane prima della partenza vi sar\u00e0 addebitata la somma pari a 3 giorni di vacanza. Mentre sar\u00e0 da pagare una penale del 70% del prezzo complessivo nel caso in cui l\u2019annullamento avvenga solamente 4 settimane prima dell\u2019inizio del soggiorno. Per evitare spese spiacevoli vi consigliamo di assicurarvi e di stipulare una polizza annullamento viaggio \u201cGallo Rosso\u201d. Potete cliccare sul <a href=\"http:\/\/partner.europaeische.at\/roter-hahn?AGN2=147960710\" target=\"_blank\" rel=\"noopener\">link<\/a> per scoprire come stipulare la vostra assicurazione viaggi.<\/li>\n<li>Informazione obbligatoria ai sensi del Regolamento UE n. 524\/2016 del Parlamento europeo e del Consiglio<br \/>\nPiattaforma per la risoluzione delle controversie online dei consumatori (ODR) della Commissione europea: <a href=\"http:\/\/www.hgv.it\/index.php?id=1516&amp;rid=t_423&amp;mid=5572&amp;aC=55b91131&amp;jumpurl=2\" target=\"_blank\" rel=\"noopener\">http:\/\/ec.europa.eu\/consumers\/odr\/<\/a><\/li>\n<\/ul>\n<h2><strong>Distanze dalle attrazioni della zona: <\/strong><\/h2>\n<ul>\n<li>Aree sciistiche: Plose 17 km, Val Gardena: 26 km<\/li>\n<li>Pista da sci (uno ski lift): 50 m<\/li>\n<li>Laghi balneabili: lago balneabile naturale di Luson: 23 km, lago di Caldaro: 57 km<\/li>\n<li>Piscina all\u2019aperto: 3 km<\/li>\n<li>Acquarena di Bressanone, con piscine coperte e all\u2019aperto: 11 km<\/li>\n<li>Sentieri escursionistici: si parte direttamente dal maso<\/li>\n<li>Fermata del bus e dello ski bus: 50 m<\/li>\n<li>Stazione ferroviaria: 10 km<\/li>\n<li>Centro del paese: 3 km<\/li>\n<\/ul>\n","protected":false},"excerpt":{"rendered":"<p>Case vacanze a Velturno &#8211; Agriturismo \u201cSentitevi come a casa.\u201d Non lo diciamo tanto per dire, bens\u00ec ci diamo da fare affinch\u00e9 questo augurio si realizzi<span class=\"excerpt-hellip\"> [\u2026]<\/span><\/p>\n","protected":false},"author":1,"featured_media":0,"parent":0,"menu_order":0,"comment_status":"open","ping_status":"open","template":"","meta":{"_acf_changed":false,"_monsterinsights_skip_tracking":false,"_monsterinsights_sitenote_active":false,"_monsterinsights_sitenote_note":"","_monsterinsights_sitenote_category":0,"footnotes":""},"class_list":["post-353","page","type-page","status-publish","hentry"],"acf":[],"_links":{"self":[{"href":"https:\/\/www.mittermuellerhof.it\/it\/wp-json\/wp\/v2\/pages\/353","targetHints":{"allow":["GET"]}}],"collection":[{"href":"https:\/\/www.mittermuellerhof.it\/it\/wp-json\/wp\/v2\/pages"}],"about":[{"href":"https:\/\/www.mittermuellerhof.it\/it\/wp-json\/wp\/v2\/types\/page"}],"author":[{"embeddable":true,"href":"https:\/\/www.mittermuellerhof.it\/it\/wp-json\/wp\/v2\/users\/1"}],"replies":[{"embeddable":true,"href":"https:\/\/www.mittermuellerhof.it\/it\/wp-json\/wp\/v2\/comments?post=353"}],"version-history":[{"count":50,"href":"https:\/\/www.mittermuellerhof.it\/it\/wp-json\/wp\/v2\/pages\/353\/revisions"}],"predecessor-version":[{"id":1915,"href":"https:\/\/www.mittermuellerhof.it\/it\/wp-json\/wp\/v2\/pages\/353\/revisions\/1915"}],"wp:attachment":[{"href":"https:\/\/www.mittermuellerhof.it\/it\/wp-json\/wp\/v2\/media?parent=353"}],"curies":[{"name":"wp","href":"https:\/\/api.w.org\/{rel}","templated":true}]}}