{"id":744,"date":"2015-05-29T10:40:40","date_gmt":"2015-05-29T08:40:40","guid":{"rendered":"https:\/\/mittermuellerhof.it\/was-ist-ein-cookie-2\/"},"modified":"2019-02-25T10:05:41","modified_gmt":"2019-02-25T08:05:41","slug":"cookies","status":"publish","type":"page","link":"https:\/\/www.mittermuellerhof.it\/it\/cookies\/","title":{"rendered":"Che cosa \u00e8 un  cookie?"},"content":{"rendered":"<h1>Che cosa \u00e8 un&nbsp; cookie?<\/h1>\n<p>Un Cookie \u00e8 un file di testo che verr\u00e0 slavato durante l\u2019accesso di un sito Web sul suo PC, Tablet o Smartphone. Cookies rendono possibile di ricaricare il sito con gli impostazioni preferiti dell\u2019ultimo accesso (lingua, grandezza del carattere ed altro). I cookie del nostro sito non vengono utilizzati di raccogliere Informazioni personali dal visitatore e non rappresentano nessun rischio di sicurezza.<\/p>\n<h2>Sepcificazione die vari tipi di Cookies:<\/h2>\n<p><strong>Cookie tecnici [ non \u00e8 richiesto il consenso dell&#8217;utente ]<\/strong><\/p>\n<p>Tra detti cookie tecnici, segnaliamo i cookie essenziali che abilitano funzioni, senza le quali non sarebbe possibile utilizzare appieno questo sito. Questi cookie vengono impiegati esclusivamente per questo sito e sono quindi cookie di prima parte. Vengono salvati sul computer dell\u2019utente solo durante la sessione attuale. Rientrano, altres\u00ec, nell\u2019ambito dei cookie tecnici anche i cookies \u201canalytics\u201d, utilizzati per analizzare statisticamente gli accessi o le visite al sito, che perseguono esclusivamente scopi statistici e raccolgono informazioni in forma aggregata senza possibilit\u00e0 di risalire all\u2019identificazione del singolo utente.<\/p>\n<p><strong>Cookie di profilazione [ \u00e8 richiesto il consenso dell&#8217;utente ]<\/strong><\/p>\n<p>I cookie di profilazione vengono utilizzati per raccogliere informazioni relative all&#8217;utente, al fine di inviare messaggi pubblicitari in linea con le preferenze manifestate dallo stesso nell&#8217;ambito della navigazione in rete.<\/p>\n<p><strong>Cookie di terze parti<\/strong><\/p>\n<p>Trattandosi di cookie di siti diversi da questo sito, utilizzati per finalit\u00e0 proprie di dette terze parti, le relative informazioni e modalit\u00e0 per prestare o negare il proprio consenso sono disponibili cliccando i link presenti nella lista dei cookie qui sotto.<\/p>\n<p><a href=\"http:\/\/www.google.com\/intl\/de\/policies\/technologies\/cookies\/\">Youtube<br \/>\n<\/a><a href=\"http:\/\/www.google.com\/intl\/de\/policies\/technologies\/cookies\/\">Google Analytics<br \/>\n<\/a><a href=\"http:\/\/www.google.com\/intl\/de\/policies\/technologies\/cookies\/\">Google Maps<br \/>\n<\/a><a href=\"http:\/\/www.google.com\/intl\/de\/policies\/technologies\/cookies\/\">Google Plus<br \/>\n<\/a><a href=\"https:\/\/www.facebook.com\/help\/cookies\/\">Facebook<\/a><\/p>\n<p><strong>Controllo per l\u2019utilizzo dei Cookies<\/strong><\/p>\n<p>Quasi tutti browser offrono la possibilit\u00e0 di disattivare i Cookies. Dopo la disattivazione dei Coockie non si pu\u00f2 garantire il funzionamento corretto del sito web<\/p>\n<h2>Guida per la disattivazione die Cooki nei browser comuni:<\/h2>\n<p><strong>Firefox:<\/strong><br \/>\nApri Firefox<br \/>\nPremi il pulsante \u201cAlt\u201d sulla tastiera<br \/>\nNella barra degli strumenti situata nella parte superiore del browser, seleziona \u201cStrumenti\u201d e successivamente \u201cOpzioni\u201d<br \/>\nSeleziona quindi la scheda \u201cPrivacy\u201d<br \/>\nVai su \u201cImpostazioni Cronologia:\u201d e successivamente su \u201cUtilizza impostazioni personalizzate\u201d . Deseleziona \u201cAccetta i cookie dai siti\u201d e salva le preferenze.<\/p>\n<p><strong>Internet Explorer:<br \/>\n<\/strong>Apri Internet Explorer<br \/>\nClicca sul pulsante \u201cStrumenti\u201d e quindi su \u201cOpzioni Internet\u201d<br \/>\nSeleziona la scheda \u201cPrivacy\u201d e sposta il dispositivo di scorrimento sul livello di privacy che desideri impostare (verso l\u2019alto per bloccare tutti i cookies o verso il basso per consentirli tutti)<br \/>\nQuindi clicca su OK<\/p>\n<p><strong>Google Chrome:<br \/>\n<\/strong>Apri Google Chrome<br \/>\nClicca sull&#8217;icona \u201cStrumenti\u201d<br \/>\nSeleziona \u201cImpostazioni\u201d e successivamente \u201cImpostazioni avanzate\u201d<br \/>\nSeleziona \u201cImpostazioni dei contenuti\u201d sotto la voce \u201cPrivacy\u201d<br \/>\nNella scheda \u201cCookies\u201d \u00e8 possibile deselezionare i cookies e salvare le preferenze<\/p>\n<p><strong>Safari:<br \/>\n<\/strong>Apri Safari<br \/>\nScegli \u201cPreferenze\u201d nella barra degli strumenti, quindi seleziona il pannello \u201cSicurezza\u201d nella finestra di dialogo che segue<br \/>\nNella sezione \u201cAccetta cookie\u201d \u00e8 possibile specificare se e quando Safari deve salvare i cookies dai siti web. Per ulteriori informazioni clicca sul pulsante di Aiuto ( contrassegnato da un punto interrogativo)<\/p>\n<p><strong>Per maggiori informazioni sui cookies che vengono memorizzati sul vostro computer, clicca su \u201cMostra cookie\u201d<\/strong><\/p>\n<p>Maggiori informazioni sulla thematica die Cookie trovate anche su: <a href=\"http:\/\/www.allaboutcookies.org\/\" target=\"_blank\">www.allaboutcookies.org<\/a> oder unter <a href=\"http:\/\/www.youronlinechoices.eu\/\" target=\"_blank\">www.youronlinechoices.eu<\/a><\/p>\n","protected":false},"excerpt":{"rendered":"<p>Che cosa \u00e8 un&nbsp; cookie? Un Cookie \u00e8 un file di testo che verr\u00e0 slavato durante l\u2019accesso di un sito Web sul suo PC, Tablet o<span class=\"excerpt-hellip\"> [\u2026]<\/span><\/p>\n","protected":false},"author":1,"featured_media":0,"parent":0,"menu_order":0,"comment_status":"open","ping_status":"open","template":"","meta":{"_acf_changed":false,"_monsterinsights_skip_tracking":false,"_monsterinsights_sitenote_active":false,"_monsterinsights_sitenote_note":"","_monsterinsights_sitenote_category":0,"footnotes":""},"class_list":["post-744","page","type-page","status-publish","hentry"],"acf":[],"_links":{"self":[{"href":"https:\/\/www.mittermuellerhof.it\/it\/wp-json\/wp\/v2\/pages\/744","targetHints":{"allow":["GET"]}}],"collection":[{"href":"https:\/\/www.mittermuellerhof.it\/it\/wp-json\/wp\/v2\/pages"}],"about":[{"href":"https:\/\/www.mittermuellerhof.it\/it\/wp-json\/wp\/v2\/types\/page"}],"author":[{"embeddable":true,"href":"https:\/\/www.mittermuellerhof.it\/it\/wp-json\/wp\/v2\/users\/1"}],"replies":[{"embeddable":true,"href":"https:\/\/www.mittermuellerhof.it\/it\/wp-json\/wp\/v2\/comments?post=744"}],"version-history":[{"count":2,"href":"https:\/\/www.mittermuellerhof.it\/it\/wp-json\/wp\/v2\/pages\/744\/revisions"}],"predecessor-version":[{"id":1633,"href":"https:\/\/www.mittermuellerhof.it\/it\/wp-json\/wp\/v2\/pages\/744\/revisions\/1633"}],"wp:attachment":[{"href":"https:\/\/www.mittermuellerhof.it\/it\/wp-json\/wp\/v2\/media?parent=744"}],"curies":[{"name":"wp","href":"https:\/\/api.w.org\/{rel}","templated":true}]}}